{"id":22,"date":"2025-05-30T17:52:15","date_gmt":"2025-05-30T17:52:15","guid":{"rendered":"https:\/\/ninnazaar.dk\/?page_id=22"},"modified":"2025-05-30T18:05:33","modified_gmt":"2025-05-30T18:05:33","slug":"supervision","status":"publish","type":"page","link":"https:\/\/ninnazaar.dk\/index.php\/supervision\/","title":{"rendered":"Supervision"},"content":{"rendered":"\n<p>Jeg tilbyder supervision til psykologer og p\u00e6dagogisk personale med afs\u00e6t i en systemisk og mentaliseringsbaseret ramme. Supervisionen tager udgangspunkt i den konkrete praksis og de udfordringer, som fagpersonalet m\u00f8der i arbejdet med b\u00f8rn, unge og familier \u2013 med fokus p\u00e5 at skabe refleksion, faglig udvikling og \u00f8get forst\u00e5else for samspil og relationelle dynamikker.<\/p>\n\n\n\n<p>Den systemiske tilgang bidrager med blik for kontekst, m\u00f8nstre og relationer, mens den mentaliseringsbaserede forst\u00e5else underst\u00f8tter evnen til at forst\u00e5 egne og andres mentale tilstande \u2013 som en central foruds\u00e6tning for meningsfuldt p\u00e6dagogisk og behandlingsm\u00e6ssigt arbejde.<\/p>\n\n\n\n<p>Supervisionen tilpasses deltagernes behov og kan tilbydes individuelt eller i grupper \u2013 b\u00e5de som faglig sparring, case-supervision eller mere procesorienteret udviklingsarbejde.<\/p>\n\n\n\n<p>Kontakt mig gerne for en uforpligtende samtale om rammer, indhold og mulige forl\u00f8b.<\/p>\n\n\n\n<p><\/p>\n","protected":false},"excerpt":{"rendered":"<p>Jeg tilbyder supervision til psykologer og p\u00e6dagogisk personale med afs\u00e6t i en systemisk og mentaliseringsbaseret ramme. Supervisionen tager udgangspunkt i den konkrete praksis og de udfordringer, som fagpersonalet m\u00f8der i arbejdet med b\u00f8rn, unge og familier \u2013 med fokus p\u00e5 at skabe refleksion, faglig udvikling og \u00f8get forst\u00e5else for samspil og relationelle dynamikker. Den systemiske &hellip; <\/p>\n<p class=\"link-more\"><a href=\"https:\/\/ninnazaar.dk\/index.php\/supervision\/\" class=\"more-link\">L\u00e6s videre<span class=\"screen-reader-text\"> &#8220;Supervision&#8221;<\/span><\/a><\/p>\n","protected":false},"author":1,"featured_media":0,"parent":0,"menu_order":0,"comment_status":"closed","ping_status":"closed","template":"","meta":{"footnotes":""},"class_list":["post-22","page","type-page","status-publish","hentry"],"_links":{"self":[{"href":"https:\/\/ninnazaar.dk\/index.php\/wp-json\/wp\/v2\/pages\/22","targetHints":{"allow":["GET"]}}],"collection":[{"href":"https:\/\/ninnazaar.dk\/index.php\/wp-json\/wp\/v2\/pages"}],"about":[{"href":"https:\/\/ninnazaar.dk\/index.php\/wp-json\/wp\/v2\/types\/page"}],"author":[{"embeddable":true,"href":"https:\/\/ninnazaar.dk\/index.php\/wp-json\/wp\/v2\/users\/1"}],"replies":[{"embeddable":true,"href":"https:\/\/ninnazaar.dk\/index.php\/wp-json\/wp\/v2\/comments?post=22"}],"version-history":[{"count":2,"href":"https:\/\/ninnazaar.dk\/index.php\/wp-json\/wp\/v2\/pages\/22\/revisions"}],"predecessor-version":[{"id":29,"href":"https:\/\/ninnazaar.dk\/index.php\/wp-json\/wp\/v2\/pages\/22\/revisions\/29"}],"wp:attachment":[{"href":"https:\/\/ninnazaar.dk\/index.php\/wp-json\/wp\/v2\/media?parent=22"}],"curies":[{"name":"wp","href":"https:\/\/api.w.org\/{rel}","templated":true}]}}