{"id":24,"date":"2025-05-30T17:59:20","date_gmt":"2025-05-30T17:59:20","guid":{"rendered":"https:\/\/ninnazaar.dk\/?page_id=24"},"modified":"2025-05-30T17:59:20","modified_gmt":"2025-05-30T17:59:20","slug":"boernepsykologiske-undersoegelser","status":"publish","type":"page","link":"https:\/\/ninnazaar.dk\/index.php\/boernepsykologiske-undersoegelser\/","title":{"rendered":"B\u00f8rnepsykologiske unders\u00f8gelser"},"content":{"rendered":"\n<p>Jeg tilbyder grundige og fagligt funderede b\u00f8rnepsykologiske unders\u00f8gelser til b\u00e5de private personer og kommunale instanser. Unders\u00f8gelserne tilpasses det enkelte barns behov og form\u00e5let med henvendelsen \u2013 hvad enten det drejer sig om bekymringer omkring trivsel, udvikling, l\u00e6ring eller adf\u00e6rd.<\/p>\n\n\n\n<p>For kommuner udf\u00f8res unders\u00f8gelserne ofte som led i en b\u00f8rnefaglig unders\u00f8gelse eller i forbindelse med sager, hvor der er behov for en dybere psykologisk vurdering af barnets ressourcer og udfordringer. Unders\u00f8gelserne kan indg\u00e5 som en del af grundlaget for videre foranstaltninger eller st\u00f8ttetiltag.<\/p>\n\n\n\n<p>Private for\u00e6ldre eller v\u00e6rger kan ogs\u00e5 henvende sig direkte, eksempelvis ved behov for en second opinion, st\u00f8tte i skole- eller institutionssammenh\u00e6ng eller ved \u00f8nske om afklaring i forhold til barnets udvikling og trivsel.<\/p>\n\n\n\n<p>Unders\u00f8gelserne udf\u00f8res af autoriseret psykolog med specialisering i b\u00f8rnepsykologi, og de inkluderer typisk samtaler, observationer, testning og samarbejde med relevante fagpersoner omkring barnet.<\/p>\n\n\n\n<p>Kontakt mig gerne for en uforpligtende samtale om, hvordan jeg kan hj\u00e6lpe jer videre.<\/p>\n","protected":false},"excerpt":{"rendered":"<p>Jeg tilbyder grundige og fagligt funderede b\u00f8rnepsykologiske unders\u00f8gelser til b\u00e5de private personer og kommunale instanser. Unders\u00f8gelserne tilpasses det enkelte barns behov og form\u00e5let med henvendelsen \u2013 hvad enten det drejer sig om bekymringer omkring trivsel, udvikling, l\u00e6ring eller adf\u00e6rd. For kommuner udf\u00f8res unders\u00f8gelserne ofte som led i en b\u00f8rnefaglig unders\u00f8gelse eller i forbindelse med sager, &hellip; <\/p>\n<p class=\"link-more\"><a href=\"https:\/\/ninnazaar.dk\/index.php\/boernepsykologiske-undersoegelser\/\" class=\"more-link\">L\u00e6s videre<span class=\"screen-reader-text\"> &#8220;B\u00f8rnepsykologiske unders\u00f8gelser&#8221;<\/span><\/a><\/p>\n","protected":false},"author":1,"featured_media":0,"parent":0,"menu_order":0,"comment_status":"closed","ping_status":"closed","template":"","meta":{"footnotes":""},"class_list":["post-24","page","type-page","status-publish","hentry"],"_links":{"self":[{"href":"https:\/\/ninnazaar.dk\/index.php\/wp-json\/wp\/v2\/pages\/24","targetHints":{"allow":["GET"]}}],"collection":[{"href":"https:\/\/ninnazaar.dk\/index.php\/wp-json\/wp\/v2\/pages"}],"about":[{"href":"https:\/\/ninnazaar.dk\/index.php\/wp-json\/wp\/v2\/types\/page"}],"author":[{"embeddable":true,"href":"https:\/\/ninnazaar.dk\/index.php\/wp-json\/wp\/v2\/users\/1"}],"replies":[{"embeddable":true,"href":"https:\/\/ninnazaar.dk\/index.php\/wp-json\/wp\/v2\/comments?post=24"}],"version-history":[{"count":1,"href":"https:\/\/ninnazaar.dk\/index.php\/wp-json\/wp\/v2\/pages\/24\/revisions"}],"predecessor-version":[{"id":25,"href":"https:\/\/ninnazaar.dk\/index.php\/wp-json\/wp\/v2\/pages\/24\/revisions\/25"}],"wp:attachment":[{"href":"https:\/\/ninnazaar.dk\/index.php\/wp-json\/wp\/v2\/media?parent=24"}],"curies":[{"name":"wp","href":"https:\/\/api.w.org\/{rel}","templated":true}]}}