{"id":27,"date":"2025-05-30T18:03:00","date_gmt":"2025-05-30T18:03:00","guid":{"rendered":"https:\/\/ninnazaar.dk\/?page_id=27"},"modified":"2025-05-30T18:03:00","modified_gmt":"2025-05-30T18:03:00","slug":"tilknytningsundersoegelser","status":"publish","type":"page","link":"https:\/\/ninnazaar.dk\/index.php\/tilknytningsundersoegelser\/","title":{"rendered":"Tilknytningsunders\u00f8gelser"},"content":{"rendered":"\n<p>Jeg tilbyder tilknytningsunders\u00f8gelser for kommunale instanser, udf\u00f8rt i overensstemmelse med Socialstyrelsens retningslinjer. Unders\u00f8gelserne har til form\u00e5l at belyse kvaliteten af barnets tilknytning til en eller flere omsorgspersoner samt vurdere den f\u00f8lelsesm\u00e6ssige kontakt, samspillet og barnets behov for tryghed og stabilitet.<\/p>\n\n\n\n<p>Unders\u00f8gelserne indg\u00e5r typisk som en del af en b\u00f8rnefaglig unders\u00f8gelse eller i sager, hvor der skal tr\u00e6ffes beslutninger om barnets fremtidige omsorgsrammer, fx ved anbringelse eller valg af plejefamilie.<\/p>\n\n\n\n<p>Arbejdet tilrettel\u00e6gges med afs\u00e6t i forskningsbaserede metoder og testredskaber samt gennemf\u00f8res med h\u00f8j grad af faglig etik og respekt for barnets tarv. Der indg\u00e5r som regel observationer, strukturerede interviews og samspilsanalyser som led i vurderingen.<\/p>\n\n\n\n<p>Unders\u00f8gelserne udarbejdes af autoriseret psykolog med s\u00e6rlig erfaring inden for tilknytning, udviklingspsykologi og tv\u00e6rfagligt samarbejde i b\u00f8rnesager.<\/p>\n\n\n\n<p>For yderligere information eller foresp\u00f8rgsel om samarbejde, er I meget velkomne til at kontakte mig.<\/p>\n","protected":false},"excerpt":{"rendered":"<p>Jeg tilbyder tilknytningsunders\u00f8gelser for kommunale instanser, udf\u00f8rt i overensstemmelse med Socialstyrelsens retningslinjer. Unders\u00f8gelserne har til form\u00e5l at belyse kvaliteten af barnets tilknytning til en eller flere omsorgspersoner samt vurdere den f\u00f8lelsesm\u00e6ssige kontakt, samspillet og barnets behov for tryghed og stabilitet. Unders\u00f8gelserne indg\u00e5r typisk som en del af en b\u00f8rnefaglig unders\u00f8gelse eller i sager, hvor der &hellip; <\/p>\n<p class=\"link-more\"><a href=\"https:\/\/ninnazaar.dk\/index.php\/tilknytningsundersoegelser\/\" class=\"more-link\">L\u00e6s videre<span class=\"screen-reader-text\"> &#8220;Tilknytningsunders\u00f8gelser&#8221;<\/span><\/a><\/p>\n","protected":false},"author":1,"featured_media":0,"parent":0,"menu_order":0,"comment_status":"closed","ping_status":"closed","template":"","meta":{"footnotes":""},"class_list":["post-27","page","type-page","status-publish","hentry"],"_links":{"self":[{"href":"https:\/\/ninnazaar.dk\/index.php\/wp-json\/wp\/v2\/pages\/27","targetHints":{"allow":["GET"]}}],"collection":[{"href":"https:\/\/ninnazaar.dk\/index.php\/wp-json\/wp\/v2\/pages"}],"about":[{"href":"https:\/\/ninnazaar.dk\/index.php\/wp-json\/wp\/v2\/types\/page"}],"author":[{"embeddable":true,"href":"https:\/\/ninnazaar.dk\/index.php\/wp-json\/wp\/v2\/users\/1"}],"replies":[{"embeddable":true,"href":"https:\/\/ninnazaar.dk\/index.php\/wp-json\/wp\/v2\/comments?post=27"}],"version-history":[{"count":1,"href":"https:\/\/ninnazaar.dk\/index.php\/wp-json\/wp\/v2\/pages\/27\/revisions"}],"predecessor-version":[{"id":28,"href":"https:\/\/ninnazaar.dk\/index.php\/wp-json\/wp\/v2\/pages\/27\/revisions\/28"}],"wp:attachment":[{"href":"https:\/\/ninnazaar.dk\/index.php\/wp-json\/wp\/v2\/media?parent=27"}],"curies":[{"name":"wp","href":"https:\/\/api.w.org\/{rel}","templated":true}]}}