{"id":39,"date":"2025-05-30T18:13:43","date_gmt":"2025-05-30T18:13:43","guid":{"rendered":"https:\/\/ninnazaar.dk\/?page_id=39"},"modified":"2025-05-30T18:13:43","modified_gmt":"2025-05-30T18:13:43","slug":"praktisk","status":"publish","type":"page","link":"https:\/\/ninnazaar.dk\/index.php\/praktisk\/","title":{"rendered":"Praktisk"},"content":{"rendered":"\n<figure class=\"wp-block-table\"><table class=\"has-fixed-layout\"><tbody><tr><td><strong>Samtale &#8211; 50 min.<\/strong><\/td><td>1.100 kr.<\/td><\/tr><\/tbody><\/table><\/figure>\n\n\n\n<p>Terapi, psykoedukation og r\u00e5dgivning:<br>&#8211; Barn og ung individuelt evt. med inddragelse af netv\u00e6rk<br>&#8211; For\u00e6ldrevejledning<br>&#8211; Voksen individuelt<\/p>\n\n\n\n<hr class=\"wp-block-separator has-alpha-channel-opacity\"\/>\n\n\n\n<figure class=\"wp-block-table\"><table class=\"has-fixed-layout\"><tbody><tr><td><strong>Samtale &#8211; 90 min.<\/strong><\/td><td>2.100 kr.<\/td><\/tr><\/tbody><\/table><\/figure>\n\n\n\n<p>F\u00f8rstegangssamtale og udvidet session<\/p>\n\n\n\n<hr class=\"wp-block-separator has-alpha-channel-opacity\"\/>\n\n\n\n<figure class=\"wp-block-table\"><table class=\"has-fixed-layout\"><tbody><tr><td><strong>Psykologisk udredning<\/strong><\/td><td>1.200 kr. \/ time<\/td><\/tr><\/tbody><\/table><\/figure>\n\n\n\n<p>&#8211; Psykologisk unders\u00f8gelse m\u00e5lrettet skole og uddannelse<br>&#8211; Bred b\u00f8rnepsykologisk unders\u00f8gelse<br>&#8211; Tilknytningsunders\u00f8gelse<\/p>\n\n\n\n<hr class=\"wp-block-separator has-alpha-channel-opacity\"\/>\n\n\n\n<figure class=\"wp-block-table\"><table class=\"has-fixed-layout\"><tbody><tr><td><strong>Deltagelse i netv\u00e6rksm\u00f8de<\/strong><\/td><td>1.100 kr. \/ time<\/td><\/tr><\/tbody><\/table><\/figure>\n\n\n\n<hr class=\"wp-block-separator has-alpha-channel-opacity\"\/>\n\n\n\n<figure class=\"wp-block-table\"><table class=\"has-fixed-layout\"><tbody><tr><td><strong>Notater<\/strong><\/td><td>1.100 kr. \/ time<\/td><\/tr><\/tbody><\/table><\/figure>\n\n\n\n<hr class=\"wp-block-separator has-alpha-channel-opacity\"\/>\n\n\n\n<figure class=\"wp-block-table\"><table class=\"has-fixed-layout\"><tbody><tr><td><strong>K\u00f8rsel<\/strong><\/td><td>1.100 kr. \/ time<\/td><\/tr><\/tbody><\/table><\/figure>\n\n\n\n<hr class=\"wp-block-separator has-alpha-channel-opacity\"\/>\n\n\n\n<figure class=\"wp-block-table\"><table class=\"has-fixed-layout\"><tbody><tr><td><strong>Individuel supervision &#8211; 60 min.<\/strong><\/td><td>1.300 kr.<\/td><\/tr><\/tbody><\/table><\/figure>\n\n\n\n<hr class=\"wp-block-separator has-alpha-channel-opacity\"\/>\n\n\n\n<figure class=\"wp-block-table\"><table class=\"has-fixed-layout\"><tbody><tr><td><strong>Gruppesupervision 2-3 pers. &#8211; 60 min.<\/strong><\/td><td>1.500 kr.<\/td><\/tr><\/tbody><\/table><\/figure>\n\n\n\n<hr class=\"wp-block-separator has-alpha-channel-opacity\"\/>\n\n\n\n<figure class=\"wp-block-table\"><table class=\"has-fixed-layout\"><tbody><tr><td><strong>Gruppesupervision 4-8 pers. &#8211; 60 min.<\/strong><\/td><td>1.700 kr.<\/td><\/tr><\/tbody><\/table><\/figure>\n\n\n\n<hr class=\"wp-block-separator has-alpha-channel-opacity\"\/>\n\n\n\n<p><strong>Afbud og udeblivelser<\/strong><\/p>\n\n\n\n<p>Afbud skal meldes inden kl. 8 p\u00e5 dagen for en aftale p\u00e5 telefon (+45) 22 87 14 32 . Ved udeblivelse eller afbud senere end kl. 8 opkr\u00e6ves gebyr svarende til prisen for en samtale kr.<\/p>\n\n\n\n<hr class=\"wp-block-separator has-alpha-channel-opacity\"\/>\n\n\n\n<p><strong>Tilskud<\/strong><\/p>\n\n\n\n<p>Jeg tager ikke imod henvisninger fra l\u00e6gen, men det er muligt at s\u00f8ge tilskud til samtale hos autoriseret psykolog, s\u00e5fremt du er medlem af Sygeforsikringen Danmark.<\/p>\n\n\n\n<p>Har du privat tegnet sundhedsforsikret eller sundhedsforsikring gennem dit arbejde vil det som regel v\u00e6re muligt at anvende denne til behandling ved autoriseret psykolog.<\/p>\n\n\n\n<hr class=\"wp-block-separator has-alpha-channel-opacity\"\/>\n\n\n\n<p>Priserne er g\u00e6ldende i indev\u00e6rende \u00e5r. Der kan forekomme justeringer pr. 1. januar i kommende \u00e5r.<\/p>\n","protected":false},"excerpt":{"rendered":"<p>Samtale &#8211; 50 min. 1.100 kr. Terapi, psykoedukation og r\u00e5dgivning:&#8211; Barn og ung individuelt evt. med inddragelse af netv\u00e6rk&#8211; For\u00e6ldrevejledning&#8211; Voksen individuelt Samtale &#8211; 90 min. 2.100 kr. F\u00f8rstegangssamtale og udvidet session Psykologisk udredning 1.200 kr. \/ time &#8211; Psykologisk unders\u00f8gelse m\u00e5lrettet skole og uddannelse&#8211; Bred b\u00f8rnepsykologisk unders\u00f8gelse&#8211; Tilknytningsunders\u00f8gelse Deltagelse i netv\u00e6rksm\u00f8de 1.100 kr. \/ &hellip; <\/p>\n<p class=\"link-more\"><a href=\"https:\/\/ninnazaar.dk\/index.php\/praktisk\/\" class=\"more-link\">L\u00e6s videre<span class=\"screen-reader-text\"> &#8220;Praktisk&#8221;<\/span><\/a><\/p>\n","protected":false},"author":1,"featured_media":0,"parent":0,"menu_order":0,"comment_status":"closed","ping_status":"closed","template":"","meta":{"footnotes":""},"class_list":["post-39","page","type-page","status-publish","hentry"],"_links":{"self":[{"href":"https:\/\/ninnazaar.dk\/index.php\/wp-json\/wp\/v2\/pages\/39","targetHints":{"allow":["GET"]}}],"collection":[{"href":"https:\/\/ninnazaar.dk\/index.php\/wp-json\/wp\/v2\/pages"}],"about":[{"href":"https:\/\/ninnazaar.dk\/index.php\/wp-json\/wp\/v2\/types\/page"}],"author":[{"embeddable":true,"href":"https:\/\/ninnazaar.dk\/index.php\/wp-json\/wp\/v2\/users\/1"}],"replies":[{"embeddable":true,"href":"https:\/\/ninnazaar.dk\/index.php\/wp-json\/wp\/v2\/comments?post=39"}],"version-history":[{"count":1,"href":"https:\/\/ninnazaar.dk\/index.php\/wp-json\/wp\/v2\/pages\/39\/revisions"}],"predecessor-version":[{"id":40,"href":"https:\/\/ninnazaar.dk\/index.php\/wp-json\/wp\/v2\/pages\/39\/revisions\/40"}],"wp:attachment":[{"href":"https:\/\/ninnazaar.dk\/index.php\/wp-json\/wp\/v2\/media?parent=39"}],"curies":[{"name":"wp","href":"https:\/\/api.w.org\/{rel}","templated":true}]}}