{"id":42,"date":"2025-05-30T18:20:37","date_gmt":"2025-05-30T18:20:37","guid":{"rendered":"https:\/\/ninnazaar.dk\/?page_id=42"},"modified":"2025-05-30T18:20:37","modified_gmt":"2025-05-30T18:20:37","slug":"om-mig","status":"publish","type":"page","link":"https:\/\/ninnazaar.dk\/index.php\/om-mig\/","title":{"rendered":"Om mig"},"content":{"rendered":"\n<figure class=\"wp-block-image size-large\"><img loading=\"lazy\" decoding=\"async\" width=\"1024\" height=\"848\" src=\"https:\/\/ninnazaar.dk\/wp-content\/uploads\/2025\/05\/ninna2-1024x848.jpg\" alt=\"\" class=\"wp-image-43\" srcset=\"https:\/\/ninnazaar.dk\/wp-content\/uploads\/2025\/05\/ninna2-1024x848.jpg 1024w, https:\/\/ninnazaar.dk\/wp-content\/uploads\/2025\/05\/ninna2-300x248.jpg 300w, https:\/\/ninnazaar.dk\/wp-content\/uploads\/2025\/05\/ninna2-768x636.jpg 768w, https:\/\/ninnazaar.dk\/wp-content\/uploads\/2025\/05\/ninna2-1536x1272.jpg 1536w, https:\/\/ninnazaar.dk\/wp-content\/uploads\/2025\/05\/ninna2-2048x1696.jpg 2048w\" sizes=\"auto, (max-width: 706px) 89vw, (max-width: 767px) 82vw, 740px\" \/><\/figure>\n\n\n\n<p>Jeg er uddannet psykolog ved Aalborg Universitet 2008 og autoriseret af Psykologn\u00e6vnet under Socialministeriet i 2011. Autorisation betyder, at en psykolog har minimum 2 \u00e5rs praktisk erhvervserfaring, og at vedkommende har modtaget supervision p\u00e5 sit arbejde af mere erfarne psykologer. Jeg er endvidere uddannet Specialist i Klinisk B\u00f8rne- og Unge psykologi gennem Dansk Psykologforening oktober 2022, hvilket betyder, at jeg m\u00e5lrettet har gennemf\u00f8rt kurser og supervision med henblik p\u00e5 at opn\u00e5 kompetencer ift. udredning og vurdering af psykiske vanskeligheder og udviklingsforstyrrelser ved b\u00f8rn og unge samt behandling.<\/p>\n\n\n\n<p>Udover at arbejde med b\u00f8rn, unge og familier i min klinik, arbejder jeg aktuelt hos Den Specialiserede D\u00f8gninstitution B\u00f8gen. Jeg har tidligere arbejdet hos PPR Hj\u00f8rring kommune, PPR Aalborg kommune og i B\u00f8rne- og Ungdomspsykiatrien i Region Nordjylland.<\/p>\n\n\n\n<p>Som psykolog er jeg optaget af at holde mig orienteret inden for mit felt og l\u00f8bende videreuddanne mig s\u00e5ledes, at jeg altid har de bedst mulige foruds\u00e6tninger for at yde kvalificeret hj\u00e6lp. Min behandling tager udgangspunkt i principper fra kognitiv adf\u00e6rdsterapi, mentaliseringsbaseret og systemisk teori og metode, og jeg bruger dette udgangspunkt til at hj\u00e6lpe klienten med at opn\u00e5 st\u00f8rre forst\u00e5else for sig selv og sin omverden og derigennem \u00f8ge muligheden for at skabe forandring.<\/p>\n\n\n\n<p><strong>Kurser og uddannelse<\/strong><\/p>\n\n\n\n<ul class=\"wp-block-list\">\n<li>Specialist i Klinisk B\u00f8rne- og Ungepsykologi.<\/li>\n\n\n\n<li>Certificeret Cool Kids behandler.<\/li>\n\n\n\n<li>2 \u00e5rig uddannelse i kognitiv adf\u00e6rdsterapi.<\/li>\n\n\n\n<li>Individuel mentaliseringsbaseret terapi.<\/li>\n\n\n\n<li>EMDR grunduddannelse model 1+2<\/li>\n<\/ul>\n\n\n\n<p>Jeg modtager l\u00f8bende supervision p\u00e5 mit arbejde.<\/p>\n","protected":false},"excerpt":{"rendered":"<p>Jeg er uddannet psykolog ved Aalborg Universitet 2008 og autoriseret af Psykologn\u00e6vnet under Socialministeriet i 2011. Autorisation betyder, at en psykolog har minimum 2 \u00e5rs praktisk erhvervserfaring, og at vedkommende har modtaget supervision p\u00e5 sit arbejde af mere erfarne psykologer. Jeg er endvidere uddannet Specialist i Klinisk B\u00f8rne- og Unge psykologi gennem Dansk Psykologforening oktober &hellip; <\/p>\n<p class=\"link-more\"><a href=\"https:\/\/ninnazaar.dk\/index.php\/om-mig\/\" class=\"more-link\">L\u00e6s videre<span class=\"screen-reader-text\"> &#8220;Om mig&#8221;<\/span><\/a><\/p>\n","protected":false},"author":1,"featured_media":0,"parent":0,"menu_order":0,"comment_status":"closed","ping_status":"closed","template":"","meta":{"footnotes":""},"class_list":["post-42","page","type-page","status-publish","hentry"],"_links":{"self":[{"href":"https:\/\/ninnazaar.dk\/index.php\/wp-json\/wp\/v2\/pages\/42","targetHints":{"allow":["GET"]}}],"collection":[{"href":"https:\/\/ninnazaar.dk\/index.php\/wp-json\/wp\/v2\/pages"}],"about":[{"href":"https:\/\/ninnazaar.dk\/index.php\/wp-json\/wp\/v2\/types\/page"}],"author":[{"embeddable":true,"href":"https:\/\/ninnazaar.dk\/index.php\/wp-json\/wp\/v2\/users\/1"}],"replies":[{"embeddable":true,"href":"https:\/\/ninnazaar.dk\/index.php\/wp-json\/wp\/v2\/comments?post=42"}],"version-history":[{"count":1,"href":"https:\/\/ninnazaar.dk\/index.php\/wp-json\/wp\/v2\/pages\/42\/revisions"}],"predecessor-version":[{"id":44,"href":"https:\/\/ninnazaar.dk\/index.php\/wp-json\/wp\/v2\/pages\/42\/revisions\/44"}],"wp:attachment":[{"href":"https:\/\/ninnazaar.dk\/index.php\/wp-json\/wp\/v2\/media?parent=42"}],"curies":[{"name":"wp","href":"https:\/\/api.w.org\/{rel}","templated":true}]}}