{"id":9,"date":"2025-05-30T17:33:05","date_gmt":"2025-05-30T17:33:05","guid":{"rendered":"https:\/\/ninnazaar.dk\/?page_id=9"},"modified":"2025-05-30T18:58:34","modified_gmt":"2025-05-30T18:58:34","slug":"forside","status":"publish","type":"page","link":"https:\/\/ninnazaar.dk\/","title":{"rendered":"Forside"},"content":{"rendered":"\n<p>Mit navn er Ninna Zaar.<\/p>\n\n\n\n<p>Jeg er autoriseret psykolog og Specialist i Klinisk B\u00f8rne- og Ungepsykologi, og jeg tilbyder hj\u00e6lp til b\u00f8rn, unge, familier og professionelle. Siden 2008 har jeg arbejdet i henholdsvis PPR, b\u00f8rnepsykiatrien og p\u00e5 d\u00f8gninstitution for b\u00f8rn og unge med tilknytningsforstyrrelser og komplekse psykiske problemstillinger. Jeg har siden 2017 endvidere haft egen praksis, hvor jeg overvejende arbejder med terapi af b\u00f8rn og unge og vejledning til deres netv\u00e6rk.<\/p>\n\n\n\n<p>Ved siden af min specialisering inden for b\u00f8rne- og unge omr\u00e5det besk\u00e6ftifer jeg mig ogs\u00e5 med terapi af voksne. S\u00e6rligt i forhold til arbejdsrelaterede problemstillinger som fx stress, angst, depression og relationelle problemstillinger.<\/p>\n\n\n\n<p>Jeg tilbyder:<\/p>\n\n\n\n<ul class=\"wp-block-list\">\n<li>Terapi med b\u00f8rn, unge og voksne.<\/li>\n\n\n\n<li>For\u00e6ldrevejledning.<\/li>\n\n\n\n<li>Vejledning til for\u00e6ldre og netv\u00e6rk ved kendte problemstillinger som fx. ADHD, autisme og tilknytningsforstyrrelse.<\/li>\n\n\n\n<li>Psykologiske unders\u00f8gelser rettet mod afd\u00e6kning af vanskeligheder i skole.<\/li>\n\n\n\n<li>Psykologiske unders\u00f8gelser mhp. henvisning til b\u00f8rnepsykiatrien ved mistanke om diagnose.<\/li>\n\n\n\n<li>B\u00f8rnepsykologiske unders\u00f8gelser og tilknytningsunders\u00f8gelser til kommuner.<\/li>\n\n\n\n<li>Supervision af psykologer p\u00e5 vej mod autorisation og specialistuddannelse.<\/li>\n\n\n\n<li>Supervision af p\u00e6dagogisk personale og andre fagpersoner.<\/li>\n<\/ul>\n\n\n\n<div class=\"wp-block-group\"><div class=\"wp-block-group__inner-container is-layout-constrained wp-block-group-is-layout-constrained\">\n<div class=\"wp-block-columns is-layout-flex wp-container-core-columns-is-layout-9d6595d7 wp-block-columns-is-layout-flex\">\n<div class=\"wp-block-column is-layout-flow wp-block-column-is-layout-flow\" style=\"flex-basis:100%\">\n<figure class=\"wp-block-image size-full\"><img loading=\"lazy\" decoding=\"async\" width=\"404\" height=\"125\" src=\"https:\/\/ninnazaar.dk\/wp-content\/uploads\/2025\/05\/image-3.png\" alt=\"\" class=\"wp-image-55\" srcset=\"https:\/\/ninnazaar.dk\/wp-content\/uploads\/2025\/05\/image-3.png 404w, https:\/\/ninnazaar.dk\/wp-content\/uploads\/2025\/05\/image-3-300x93.png 300w\" sizes=\"auto, (max-width: 404px) 100vw, 404px\" \/><\/figure>\n<\/div>\n<\/div>\n<\/div><\/div>\n\n\n\n<figure class=\"wp-block-image size-full\"><img loading=\"lazy\" decoding=\"async\" width=\"197\" height=\"197\" src=\"https:\/\/ninnazaar.dk\/wp-content\/uploads\/2025\/05\/image-5.png\" alt=\"\" class=\"wp-image-57\" srcset=\"https:\/\/ninnazaar.dk\/wp-content\/uploads\/2025\/05\/image-5.png 197w, https:\/\/ninnazaar.dk\/wp-content\/uploads\/2025\/05\/image-5-150x150.png 150w, https:\/\/ninnazaar.dk\/wp-content\/uploads\/2025\/05\/image-5-100x100.png 100w\" sizes=\"auto, (max-width: 197px) 100vw, 197px\" \/><\/figure>\n","protected":false},"excerpt":{"rendered":"<p>Mit navn er Ninna Zaar. Jeg er autoriseret psykolog og Specialist i Klinisk B\u00f8rne- og Ungepsykologi, og jeg tilbyder hj\u00e6lp til b\u00f8rn, unge, familier og professionelle. Siden 2008 har jeg arbejdet i henholdsvis PPR, b\u00f8rnepsykiatrien og p\u00e5 d\u00f8gninstitution for b\u00f8rn og unge med tilknytningsforstyrrelser og komplekse psykiske problemstillinger. Jeg har siden 2017 endvidere haft egen &hellip; <\/p>\n<p class=\"link-more\"><a href=\"https:\/\/ninnazaar.dk\/\" class=\"more-link\">L\u00e6s videre<span class=\"screen-reader-text\"> &#8220;Forside&#8221;<\/span><\/a><\/p>\n","protected":false},"author":1,"featured_media":0,"parent":0,"menu_order":0,"comment_status":"closed","ping_status":"closed","template":"","meta":{"footnotes":""},"class_list":["post-9","page","type-page","status-publish","hentry"],"_links":{"self":[{"href":"https:\/\/ninnazaar.dk\/index.php\/wp-json\/wp\/v2\/pages\/9","targetHints":{"allow":["GET"]}}],"collection":[{"href":"https:\/\/ninnazaar.dk\/index.php\/wp-json\/wp\/v2\/pages"}],"about":[{"href":"https:\/\/ninnazaar.dk\/index.php\/wp-json\/wp\/v2\/types\/page"}],"author":[{"embeddable":true,"href":"https:\/\/ninnazaar.dk\/index.php\/wp-json\/wp\/v2\/users\/1"}],"replies":[{"embeddable":true,"href":"https:\/\/ninnazaar.dk\/index.php\/wp-json\/wp\/v2\/comments?post=9"}],"version-history":[{"count":5,"href":"https:\/\/ninnazaar.dk\/index.php\/wp-json\/wp\/v2\/pages\/9\/revisions"}],"predecessor-version":[{"id":58,"href":"https:\/\/ninnazaar.dk\/index.php\/wp-json\/wp\/v2\/pages\/9\/revisions\/58"}],"wp:attachment":[{"href":"https:\/\/ninnazaar.dk\/index.php\/wp-json\/wp\/v2\/media?parent=9"}],"curies":[{"name":"wp","href":"https:\/\/api.w.org\/{rel}","templated":true}]}}